{"id":599,"date":"2009-05-18T22:50:45","date_gmt":"2009-05-19T03:50:45","guid":{"rendered":"http:\/\/ivancaballeroc.com\/web\/?page_id=599"},"modified":"2022-07-10T20:04:18","modified_gmt":"2022-07-11T01:04:18","slug":"servicios-internacionales","status":"publish","type":"page","link":"https:\/\/ivancaballeroc.com\/?page_id=599","title":{"rendered":"Servicios Internacionales"},"content":{"rendered":"<p style=\"text-align: justify;\"><img loading=\"lazy\" decoding=\"async\" class=\"size-full wp-image-994 alignright\" title=\"serviciosinternacionales2\" src=\" http:\/\/ivancaballeroc.com\/web\/wp-content\/uploads\/2009\/10\/serviciosinternacionales2.jpg\" alt=\"serviciosinternacionales2\" width=\"200\" height=\"164\" \/>Ubicado estrat\u00e9gicamente en la <strong>Puerta de Oro de Colombia (Barranquilla)<\/strong>, Ciudad principal, <strong>Puerto<\/strong><strong> Mar\u00edtimo<\/strong> y Fluvial del Caribe, con la firme intenci\u00f3n de ser <strong>l\u00edder en la prestaci\u00f3n de Servicios de Cirug\u00eda Est\u00e9tica<\/strong>, a trav\u00e9s de procedimientos quir\u00fargicos y no quir\u00fargicos, proyect\u00e1ndose internacionalmente, el <strong>Dr. Iv\u00e1n Caballero C.<\/strong> quien cuenta con amplia experiencia y talento humano orientado hacia la prestaci\u00f3n de un <strong>servicio de calidad<\/strong> que satisfaga las necesidades de los pacientes, ofrece sus servicios a todos las personas que est\u00e9n dentro o fuera de <strong>Colombia<\/strong>, por eso le mostramos el paquete internacional que cumple con todas las normas en cuanto a tratamientos de Cirug\u00eda exigen las <strong>autoridades de la salud<\/strong>.<\/p>\n<h2>Contenido Paquete Internacional:<\/h2>\n<ul>\n<li>Traslado Aeropuerto &#8211; Hotel &#8211; Aeropuerto.<\/li>\n<li>Cena o Almuerzo de Bienvenida.<\/li>\n<li>Alojamiento en <strong>Hotel 5 Estrellas<\/strong>:<br \/>\n<a href=\"http:\/\/www.danncarltonbaq.co\/es\/\" target=\"_blank\" rel=\"noopener\"> Hotel Dann Carlton<\/a> o en el <a href=\"http:\/\/www.hbp.com.co\/\" target=\"_blank\" rel=\"noopener\">Hotel Barranquilla Plaza<\/a><\/li>\n<li>Desayuno, Almuerzo y Cena durante la estad\u00eda.<\/li>\n<li>Ex\u00e1menes de Laboratorio, Electrocardiograma y valoraci\u00f3n por el medico internista.<\/li>\n<li>Valoraci\u00f3n <strong>anestesi\u00f3logo Certificado<\/strong>.<\/li>\n<li>Desplazamiento a la cl\u00ednica para valoraci\u00f3n, controles y posquir\u00fargicos.<\/li>\n<li>Atenci\u00f3n y cuidado Postoperatorio las <strong>24 horas del d\u00eda<\/strong> con una <strong>enfermera profesional<\/strong>.<\/li>\n<li>Masajes Posquir\u00fargicos.<\/li>\n<li>Centro de Est\u00e9tica.<\/li>\n<li>Honorarios del Cirujano, anestesi\u00f3logo, cl\u00ednica y equipo quir\u00fargico.<\/li>\n<li>Aditamentos para cada cirug\u00eda: Fajas, Brasier, Pr\u00f3tesis, Etc.<\/li>\n<li>Orientaci\u00f3n para realizar visitas tur\u00edsticas a sitios de inter\u00e9s en:<br \/>\nLa ciudad de<span style=\"font-size: 9pt; font-family: Verdana;\"> <a href=\"https:\/\/www.barranquilla.gov.co\/\" target=\"_blank\" rel=\"noopener\">Barranquilla<\/a>, <a href=\"http:\/\/www.santamarta.gov.co\/\" target=\"_blank\" rel=\"noopener\">Santa Marta<\/a> o <a href=\"http:\/\/www.cartagena.gov.co\/\" target=\"_blank\" rel=\"noopener\">Cartagena<\/a><\/span><\/li>\n<\/ul>\n<h2>Est\u00e9tica Dental:<\/h2>\n<p><img loading=\"lazy\" decoding=\"async\" class=\"size-full wp-image-987 alignleft\" title=\"dent21\" src=\" http:\/\/ivancaballeroc.com\/web\/wp-content\/uploads\/2009\/10\/dent21.jpg\" alt=\"dent21\" width=\"152\" height=\"164\" \/>La Est\u00e9tica Dental, como su nombre lo sugiere, cubre todo aquello que tenga que ver con la belleza,\u00a0la\u00a0est\u00e9tica, o el embellecimiento de sus dientes, en sus muy distintas formas y posibilidades, es por eso que en la sociedad contempor\u00e1nea una apariencia arm\u00f3nica muchas veces significa la diferencia entre el \u00e9xito y el fracaso; tanto personal como profesional. Por esta y muchas razones mas el Dr. Iv\u00e1n Caballero C. se interesa por el cuidado integral de sus pacientes ofreciendo adem\u00e1s, un completo paquete de Est\u00e9tica Dental en la reconocida Cl\u00ednica Salud Oral.<\/p>\n","protected":false},"excerpt":{"rendered":"<p>Ubicado estrat\u00e9gicamente en la Puerta de Oro de Colombia (Barranquilla), Ciudad principal, Puerto Mar\u00edtimo y Fluvial del Caribe, con la firme intenci\u00f3n de ser l\u00edder en la prestaci\u00f3n de Servicios de Cirug\u00eda Est\u00e9tica, a trav\u00e9s de procedimientos quir\u00fargicos y no quir\u00fargicos, proyect\u00e1ndose internacionalmente, el Dr&#8230;.<\/p>\n","protected":false},"author":1,"featured_media":0,"parent":0,"menu_order":3,"comment_status":"open","ping_status":"open","template":"","meta":{"footnotes":""},"class_list":["post-599","page","type-page","status-publish","hentry"],"_links":{"self":[{"href":"https:\/\/ivancaballeroc.com\/index.php?rest_route=\/wp\/v2\/pages\/599","targetHints":{"allow":["GET"]}}],"collection":[{"href":"https:\/\/ivancaballeroc.com\/index.php?rest_route=\/wp\/v2\/pages"}],"about":[{"href":"https:\/\/ivancaballeroc.com\/index.php?rest_route=\/wp\/v2\/types\/page"}],"author":[{"embeddable":true,"href":"https:\/\/ivancaballeroc.com\/index.php?rest_route=\/wp\/v2\/users\/1"}],"replies":[{"embeddable":true,"href":"https:\/\/ivancaballeroc.com\/index.php?rest_route=%2Fwp%2Fv2%2Fcomments&post=599"}],"version-history":[{"count":0,"href":"https:\/\/ivancaballeroc.com\/index.php?rest_route=\/wp\/v2\/pages\/599\/revisions"}],"wp:attachment":[{"href":"https:\/\/ivancaballeroc.com\/index.php?rest_route=%2Fwp%2Fv2%2Fmedia&parent=599"}],"curies":[{"name":"wp","href":"https:\/\/api.w.org\/{rel}","templated":true}]}}