{"id":380,"date":"2009-03-22T23:33:13","date_gmt":"2009-03-23T04:33:13","guid":{"rendered":"http:\/\/ivancaballeroc.com\/web\/?page_id=380"},"modified":"2022-07-03T10:33:50","modified_gmt":"2022-07-03T15:33:50","slug":"contactenos","status":"publish","type":"page","link":"https:\/\/ivancaballeroc.com\/?page_id=380","title":{"rendered":"Cont\u00e1ctenos"},"content":{"rendered":"<p>[vc_row css_animation=&#8221;&#8221; row_type=&#8221;row&#8221; use_row_as_full_screen_section=&#8221;no&#8221; type=&#8221;full_width&#8221; angled_section=&#8221;no&#8221; text_align=&#8221;left&#8221; background_image_as_pattern=&#8221;without_pattern&#8221; css=&#8221;.vc_custom_1516358191437{background-image: url(http:\/\/bridge133.qodeinteractive.com\/wp-content\/uploads\/2018\/01\/back-large.jpg?id=141) !important;background-position: center !important;background-repeat: no-repeat !important;background-size: cover !important;}&#8221; z_index=&#8221;&#8221;][vc_column][vc_gmaps link=&#8221;#E-8_JTNDaWZyYW1lJTIwc3JjJTNEJTIyaHR0cHMlM0ElMkYlMkZ3d3cuZ29vZ2xlLmNvbSUyRm1hcHMlMkZlbWJlZCUzRnBiJTNEJTIxMW0xOCUyMTFtMTIlMjExbTMlMjExZDM5MTYuMzAyMzAyMzg1MzYwMiUyMTJkLTc0Ljg0ODI4NzA4NDczODc3JTIxM2QxMS4wMTU5MzAyNTc3MzgzMSUyMTJtMyUyMTFmMCUyMTJmMCUyMTNmMCUyMTNtMiUyMTFpMTAyNCUyMTJpNzY4JTIxNGYxMy4xJTIxM20zJTIxMW0yJTIxMXMweDhlZjQyYzQzNmYwZTY4ZDElMjUzQTB4MzNjZGQ3M2FjYmExOGVhMCUyMTJzQ2wlMjVDMyUyNUFEbmljYSUyNTIwUG9ydG9henVsJTI1MjBBdW5hJTIxNWUwJTIxM20yJTIxMXNlcyUyMTJzY28lMjE0djE2NTY4NjEwMTE3MDUlMjE1bTIlMjExc2VzJTIxMnNjbyUyMiUyMHdpZHRoJTNEJTIyNjAwJTIyJTIwaGVpZ2h0JTNEJTIyNDUwJTIyJTIwc3R5bGUlM0QlMjJib3JkZXIlM0EwJTNCJTIyJTIwYWxsb3dmdWxsc2NyZWVuJTNEJTIyJTIyJTIwbG9hZGluZyUzRCUyMmxhenklMjIlMjByZWZlcnJlcnBvbGljeSUzRCUyMm5vLXJlZmVycmVyLXdoZW4tZG93bmdyYWRlJTIyJTNFJTNDJTJGaWZyYW1lJTNF&#8221; size=&#8221;400&#8243;][\/vc_column][\/vc_row][vc_row css_animation=&#8221;&#8221; row_type=&#8221;row&#8221; use_row_as_full_screen_section=&#8221;no&#8221; type=&#8221;full_width&#8221; angled_section=&#8221;no&#8221; text_align=&#8221;left&#8221; background_image_as_pattern=&#8221;without_pattern&#8221; z_index=&#8221;&#8221; css=&#8221;.vc_custom_1516107818630{padding-top: 100px !important;padding-bottom: 100px !important;background-color: #ffffff !important;}&#8221;][vc_column][vc_row_inner row_type=&#8221;row&#8221; type=&#8221;grid&#8221; text_align=&#8221;left&#8221; css_animation=&#8221;&#8221;][vc_column_inner][vc_column_text]<\/p>\n<p style=\"text-align: JUSTIFY;\">En contacto con\u00a0<b>Iv\u00e1n Caballero C.<\/b>, para toda la informaci\u00f3n que usted necesite sobre\u00a0<strong>Cirug\u00eda Pl\u00e1stica<\/strong>, todo lo relacionado con\u00a0<strong>la salud<\/strong>\u00a0y los servicios especializados de\u00a0<strong>la Belleza<\/strong>, por favor ll\u00e1menos, env\u00ede un correo electr\u00f3nico a cualquiera de las direcciones descritas abajo o preferiblemente comun\u00edquese con nosotros a trav\u00e9s de este\u00a0<strong>formulario<\/strong> escribiendo su nombre, tel\u00e9fono y email para estudiar su caso y y si lo prefiere env\u00ede adem\u00e1s su fotograf\u00eda para hacer una valoraci\u00f3n en l\u00ednea m\u00e1s completa.<\/p>\n<p>[\/vc_column_text][\/vc_column_inner][\/vc_row_inner][vc_row_inner row_type=&#8221;row&#8221; type=&#8221;full_width&#8221; text_align=&#8221;left&#8221; css_animation=&#8221;&#8221;][vc_column_inner][\/vc_column_inner][\/vc_row_inner][vc_row_inner row_type=&#8221;row&#8221; type=&#8221;grid&#8221; text_align=&#8221;left&#8221; css_animation=&#8221;&#8221; css=&#8221;.vc_custom_1516629989831{padding-top: 35px !important;}&#8221;][vc_column_inner offset=&#8221;vc_col-lg-6 vc_col-md-6&#8243;][qode_elements_holder number_of_columns=&#8221;one_column&#8221;][qode_elements_holder_item horizontal_alignment=&#8221;center&#8221; advanced_animations=&#8221;no&#8221; background_color=&#8221;#0098da&#8221; item_padding=&#8221;5% 10% 6% 10%&#8221;][vc_single_image image=&#8221;2619&#8243; img_size=&#8221;medium&#8221; alignment=&#8221;center&#8221; qode_css_animation=&#8221;&#8221;][vc_column_text]<\/p>\n<h2 style=\"text-align: center;\"><span style=\"color: #00a0f0;\"><span style=\"font-size: 18px; font-weight: 400;\"><span style=\"color: #ffffff;\">Formulario de Consulta<\/span><\/span><em><span style=\"font-size: 18px; font-weight: 400;\"><br \/>\n<\/span><\/em><\/span><\/h2>\n<p>[\/vc_column_text][vc_empty_space height=&#8221;1px&#8221; css=&#8221;.vc_custom_1516185327217{margin-top: -26px !important;}&#8221;][vc_column_text]<\/p>\n<h3 style=\"text-align: center;\"><span style=\"color: #ffffff;\">Env\u00ede sus datos e im\u00e1genes para valoraci\u00f3n <\/span><\/h3>\n<p>[\/vc_column_text][vc_empty_space height=&#8221;25px&#8221;]<div class=\"wpforms-container wpforms-container-full\" id=\"wpforms-2606\"><form id=\"wpforms-form-2606\" class=\"wpforms-validate wpforms-form\" data-formid=\"2606\" method=\"post\" enctype=\"multipart\/form-data\" action=\"\/index.php?rest_route=%2Fwp%2Fv2%2Fpages%2F380\" data-token=\"c06bdae0c97ba2e0303856b49e1ad1b8\" data-token-time=\"1778069853\"><noscript class=\"wpforms-error-noscript\">Por favor, activa JavaScript en tu navegador para completar este formulario.<\/noscript><div class=\"wpforms-field-container\"><div id=\"wpforms-2606-field_0-container\" class=\"wpforms-field wpforms-field-name\" data-field-id=\"0\"><label class=\"wpforms-field-label wpforms-label-hide\" for=\"wpforms-2606-field_0\">Nombre <span class=\"wpforms-required-label\">*<\/span><\/label><input type=\"text\" id=\"wpforms-2606-field_0\" class=\"wpforms-field-large wpforms-field-required\" name=\"wpforms[fields][0]\" placeholder=\"Nombre Completo\" required><\/div><div id=\"wpforms-2606-field_1-container\" class=\"wpforms-field wpforms-field-email\" data-field-id=\"1\"><label class=\"wpforms-field-label wpforms-label-hide\" for=\"wpforms-2606-field_1\">Email <span class=\"wpforms-required-label\">*<\/span><\/label><input type=\"email\" id=\"wpforms-2606-field_1\" class=\"wpforms-field-large wpforms-field-required\" name=\"wpforms[fields][1]\" placeholder=\"Ingrese su email\" spellcheck=\"false\" required><\/div><div id=\"wpforms-2606-field_6-container\" class=\"wpforms-field wpforms-field-text\" data-field-id=\"6\"><label class=\"wpforms-field-label wpforms-label-hide\" for=\"wpforms-2606-field_6\">Tel\u00e9fono  <span class=\"wpforms-required-label\">*<\/span><\/label><input type=\"text\" id=\"wpforms-2606-field_6\" class=\"wpforms-field-large wpforms-field-required\" name=\"wpforms[fields][6]\" placeholder=\"Tel\u00e9fono \" required><\/div><div id=\"wpforms-2606-field_4-container\" class=\"wpforms-field wpforms-field-select wpforms-field-select-style-classic\" data-field-id=\"4\"><label class=\"wpforms-field-label wpforms-label-hide\" for=\"wpforms-2606-field_4\">Cirugia<\/label><select id=\"wpforms-2606-field_4\" class=\"wpforms-field-large\" name=\"wpforms[fields][4]\"><option value=\"\" class=\"placeholder\" disabled  selected='selected'>\u00bfQu\u00e9 tipo de cirug\u00eda desea?<\/option><option value=\"Cirug\u00eda Facial\" >Cirug\u00eda Facial<\/option><option value=\"Cirug\u00eda Corporal\" >Cirug\u00eda Corporal<\/option><option value=\"Sin Cirug\u00eda \" >Sin Cirug\u00eda<\/option><option value=\"A\u00fan no me he decidido  \" >A\u00fan no me he decidido<\/option><\/select><\/div><div id=\"wpforms-2606-field_2-container\" class=\"wpforms-field wpforms-field-textarea\" data-field-id=\"2\"><label class=\"wpforms-field-label wpforms-label-hide\" for=\"wpforms-2606-field_2\">Comentarios <span class=\"wpforms-required-label\">*<\/span><\/label><textarea id=\"wpforms-2606-field_2\" class=\"wpforms-field-small wpforms-field-required\" name=\"wpforms[fields][2]\" placeholder=\"Comentario (opcional)\" required><\/textarea><\/div><\/div><!-- .wpforms-field-container --><div class=\"wpforms-field wpforms-field-hp\"><label for=\"wpforms-2606-field-hp\" class=\"wpforms-field-label\">Comment<\/label><input type=\"text\" name=\"wpforms[hp]\" id=\"wpforms-2606-field-hp\" class=\"wpforms-field-medium\"><\/div><div class=\"wpforms-submit-container\" ><input type=\"hidden\" name=\"wpforms[id]\" value=\"2606\"><input type=\"hidden\" name=\"page_title\" value=\"\"><input type=\"hidden\" name=\"page_url\" value=\"https:\/\/ivancaballeroc.com\/index.php?rest_route=\/wp\/v2\/pages\/380\"><button type=\"submit\" name=\"wpforms[submit]\" id=\"wpforms-submit-2606\" class=\"wpforms-submit\" data-alt-text=\"Enviando... \" data-submit-text=\"Solicitar su cita \" aria-live=\"assertive\" value=\"wpforms-submit\">Solicitar su cita <\/button><\/div><\/form><\/div>  <!-- .wpforms-container -->[\/qode_elements_holder_item][\/qode_elements_holder][vc_empty_space height=&#8221;30px&#8221;][\/vc_column_inner][vc_column_inner offset=&#8221;vc_col-lg-6 vc_col-md-6&#8243;][vc_empty_space height=&#8221;1px&#8221; css=&#8221;.vc_custom_1516367586974{margin-top: -10px !important;}&#8221;][vc_column_text]<\/p>\n<h3><span style=\"color: #373737;\"><strong>Direcci\u00f3n del consultorio:\u00a0<\/strong><\/span><\/h3>\n<p>[\/vc_column_text][vc_empty_space height=&#8221;16px&#8221;][vc_column_text]<span style=\"color: #373737;\"><span style=\"color: #828282;\">Encuentre toda la informaci\u00f3n para contactarnos, direcciones y tel\u00e9fonos, pero si gusta puede enviarnos sus datos personales por medio del formulario, adem\u00e1s puede adjuntar fotos para hacer una evaluaci\u00f3n en l\u00ednea.<br \/>\n<\/span><\/span>[\/vc_column_text][vc_empty_space height=&#8221;50px&#8221;][qode_elements_holder number_of_columns=&#8221;two_columns&#8221;][qode_elements_holder_item advanced_animations=&#8221;no&#8221; item_padding=&#8221;0 0 0 0&#8243; custom_class=&#8221;test-2&#8243;]<div class='q_icon_with_title medium normal_icon '><div class=\"icon_holder \" style=\" \"><span data-icon-type=\"normal\"   style=\"\" class=\"qode_iwt_icon_holder q_font_awsome_icon fa-3x  \"><i class=\"qodef-icon-linea-icon icon-basic-tablet qode_iwt_icon_element\" style=\"color: #00a0f0;\" ><\/i><\/span><\/div><div class=\"icon_text_holder\" style=\"\"><div class=\"icon_text_inner\" style=\"\"><h6 class=\"icon_title\" style=\"\">(57) 300 6303903<\/h6><p style='color: #b7b7b7'>ivancaballero3@hotmail.com<\/p><\/div><\/div><\/div>[\/qode_elements_holder_item][qode_elements_holder_item advanced_animations=&#8221;no&#8221; item_padding=&#8221;0 0 0 0&#8243; custom_class=&#8221;test-2&#8243;]<div class='q_icon_with_title medium normal_icon '><div class=\"icon_holder \" style=\" \"><span data-icon-type=\"normal\"   style=\"\" class=\"qode_iwt_icon_holder q_font_awsome_icon fa-3x  \"><i class=\"qodef-icon-linea-icon icon-basic-geolocalize-01 qode_iwt_icon_element\" style=\"color: #00a0f0;\" ><\/i><\/span><\/div><div class=\"icon_text_holder\" style=\"\"><div class=\"icon_text_inner\" style=\"\"><h6 class=\"icon_title\" style=\"font-weight: 600;\">Cl\u00ednica Porto Azul<\/h6><p style='color: #b7b7b7'>Consultorio 617<\/p><\/div><\/div><\/div>[\/qode_elements_holder_item][\/qode_elements_holder][vc_empty_space height=&#8221;20px&#8221;][vc_empty_space height=&#8221;50px&#8221;][qode_elements_holder number_of_columns=&#8221;two_columns&#8221;][qode_elements_holder_item advanced_animations=&#8221;no&#8221; item_padding=&#8221;0 0 0 0&#8243; custom_class=&#8221;test-2&#8243;]<div class='q_icon_with_title medium normal_icon '><div class=\"icon_holder \" style=\" \"><span data-icon-type=\"normal\"   style=\"\" class=\"qode_iwt_icon_holder q_font_awsome_icon fa-3x  \"><i class=\"qodef-icon-linea-icon icon-basic-tablet qode_iwt_icon_element\" style=\"color: #00a0f0;\" ><\/i><\/span><\/div><div class=\"icon_text_holder\" style=\"\"><div class=\"icon_text_inner\" style=\"\"><h6 class=\"icon_title\" style=\"font-weight: 600;\">(57) 310 6303903<\/h6><p style='color: #b7b7b7'>Citas: (57) 301 5929931<\/p><\/div><\/div><\/div>[\/qode_elements_holder_item][qode_elements_holder_item advanced_animations=&#8221;no&#8221; item_padding=&#8221;0 0 0 0&#8243; custom_class=&#8221;test-2&#8243;]<div class='q_icon_with_title medium normal_icon '><div class=\"icon_holder \" style=\" \"><span data-icon-type=\"normal\"   style=\"\" class=\"qode_iwt_icon_holder q_font_awsome_icon fa-3x  \"><i class=\"qodef-icon-linea-icon icon-basic-tablet qode_iwt_icon_element\" style=\"color: #00a0f0;\" ><\/i><\/span><\/div><div class=\"icon_text_holder\" style=\"\"><div class=\"icon_text_inner\" style=\"\"><h6 class=\"icon_title\" style=\"font-weight: 600;\">Miami (USA): 305 5794872<\/h6><p style='color: #b7b7b7'>Cl\u00ednica Portoazul<\/p><\/div><\/div><\/div>[\/qode_elements_holder_item][\/qode_elements_holder][vc_empty_space height=&#8221;30px&#8221;][\/vc_column_inner][\/vc_row_inner][\/vc_column][\/vc_row]<\/p>\n","protected":false},"excerpt":{"rendered":"<p>[vc_row css_animation=&#8221;&#8221; row_type=&#8221;row&#8221; use_row_as_full_screen_section=&#8221;no&#8221; type=&#8221;full_width&#8221; angled_section=&#8221;no&#8221; text_align=&#8221;left&#8221; background_image_as_pattern=&#8221;without_pattern&#8221; css=&#8221;.vc_custom_1516358191437{background-image: url(http:\/\/bridge133.qodeinteractive.com\/wp-content\/uploads\/2018\/01\/back-large.jpg?id=141) !important;background-position: center !important;background-repeat: no-repeat !important;background-size: cover !important;}&#8221; z_index=&#8221;&#8221;][vc_column][vc_gmaps link=&#8221;#E-8_JTNDaWZyYW1lJTIwc3JjJTNEJTIyaHR0cHMlM0ElMkYlMkZ3d3cuZ29vZ2xlLmNvbSUyRm1hcHMlMkZlbWJlZCUzRnBiJTNEJTIxMW0xOCUyMTFtMTIlMjExbTMlMjExZDM5MTYuMzAyMzAyMzg1MzYwMiUyMTJkLTc0Ljg0ODI4NzA4NDczODc3JTIxM2QxMS4wMTU5MzAyNTc3MzgzMSUyMTJtMyUyMTFmMCUyMTJmMCUyMTNmMCUyMTNtMiUyMTFpMTAyNCUyMTJpNzY4JTIxNGYxMy4xJTIxM20zJTIxMW0yJTIxMXMweDhlZjQyYzQzNmYwZTY4ZDElMjUzQTB4MzNjZGQ3M2FjYmExOGVhMCUyMTJzQ2wlMjVDMyUyNUFEbmljYSUyNTIwUG9ydG9henVsJTI1MjBBdW5hJTIxNWUwJTIxM20yJTIxMXNlcyUyMTJzY28lMjE0djE2NTY4NjEwMTE3MDUlMjE1bTIlMjExc2VzJTIxMnNjbyUyMiUyMHdpZHRoJTNEJTIyNjAwJTIyJTIwaGVpZ2h0JTNEJTIyNDUwJTIyJTIwc3R5bGUlM0QlMjJib3JkZXIlM0EwJTNCJTIyJTIwYWxsb3dmdWxsc2NyZWVuJTNEJTIyJTIyJTIwbG9hZGluZyUzRCUyMmxhenklMjIlMjByZWZlcnJlcnBvbGljeSUzRCUyMm5vLXJlZmVycmVyLXdoZW4tZG93bmdyYWRlJTIyJTNFJTNDJTJGaWZyYW1lJTNF&#8221; size=&#8221;400&#8243;][\/vc_column][\/vc_row][vc_row css_animation=&#8221;&#8221; row_type=&#8221;row&#8221; use_row_as_full_screen_section=&#8221;no&#8221; type=&#8221;full_width&#8221; angled_section=&#8221;no&#8221; text_align=&#8221;left&#8221; background_image_as_pattern=&#8221;without_pattern&#8221; z_index=&#8221;&#8221; css=&#8221;.vc_custom_1516107818630{padding-top: 100px !important;padding-bottom: 100px !important;background-color: #ffffff !important;}&#8221;][vc_column][vc_row_inner row_type=&#8221;row&#8221; type=&#8221;grid&#8221; text_align=&#8221;left&#8221; css_animation=&#8221;&#8221;][vc_column_inner][vc_column_text] En contacto con\u00a0Iv\u00e1n Caballero C., para&#8230;<\/p>\n","protected":false},"author":1,"featured_media":0,"parent":0,"menu_order":6,"comment_status":"open","ping_status":"open","template":"full_width.php","meta":{"footnotes":""},"class_list":["post-380","page","type-page","status-publish","hentry"],"_links":{"self":[{"href":"https:\/\/ivancaballeroc.com\/index.php?rest_route=\/wp\/v2\/pages\/380","targetHints":{"allow":["GET"]}}],"collection":[{"href":"https:\/\/ivancaballeroc.com\/index.php?rest_route=\/wp\/v2\/pages"}],"about":[{"href":"https:\/\/ivancaballeroc.com\/index.php?rest_route=\/wp\/v2\/types\/page"}],"author":[{"embeddable":true,"href":"https:\/\/ivancaballeroc.com\/index.php?rest_route=\/wp\/v2\/users\/1"}],"replies":[{"embeddable":true,"href":"https:\/\/ivancaballeroc.com\/index.php?rest_route=%2Fwp%2Fv2%2Fcomments&post=380"}],"version-history":[{"count":0,"href":"https:\/\/ivancaballeroc.com\/index.php?rest_route=\/wp\/v2\/pages\/380\/revisions"}],"wp:attachment":[{"href":"https:\/\/ivancaballeroc.com\/index.php?rest_route=%2Fwp%2Fv2%2Fmedia&parent=380"}],"curies":[{"name":"wp","href":"https:\/\/api.w.org\/{rel}","templated":true}]}}